{"id":649,"date":"2025-07-11T13:58:48","date_gmt":"2025-07-11T13:58:48","guid":{"rendered":"https:\/\/lundppesociety.se\/?page_id=649"},"modified":"2025-07-17T14:48:47","modified_gmt":"2025-07-17T14:48:47","slug":"novischperioden","status":"publish","type":"page","link":"https:\/\/lundppesociety.se\/index.php\/novischperioden\/","title":{"rendered":"Novischperioden"},"content":{"rendered":"<div data-colibri-id=\"649-c1\" class=\"style-529 style-local-649-c1 position-relative\">\n  <!---->\n  <div data-colibri-component=\"section\" data-colibri-id=\"649-c2\" id=\"custom\" class=\"h-section h-section-global-spacing d-flex align-items-lg-center align-items-md-center align-items-center style-535 style-local-649-c2 position-relative\">\n    <!---->\n    <!---->\n    <div class=\"h-section-grid-container h-section-boxed-container\">\n      <!---->\n      <div data-colibri-id=\"649-c3\" class=\"h-row-container gutters-row-lg-2 gutters-row-md-2 gutters-row-0 gutters-row-v-lg-2 gutters-row-v-md-2 gutters-row-v-2 style-536 style-local-649-c3 position-relative\">\n        <!---->\n        <div class=\"h-row justify-content-lg-center justify-content-md-center justify-content-center align-items-lg-stretch align-items-md-stretch align-items-stretch gutters-col-lg-2 gutters-col-md-2 gutters-col-0 gutters-col-v-lg-2 gutters-col-v-md-2 gutters-col-v-2\">\n          <!---->\n          <div class=\"h-column h-column-container d-flex h-col-lg-auto h-col-md-auto h-col-auto style-537-outer style-local-649-c4-outer\">\n            <div data-colibri-id=\"649-c4\" class=\"d-flex h-flex-basis h-column__inner h-px-lg-2 h-px-md-2 h-px-2 v-inner-lg-2 v-inner-md-2 v-inner-2 style-537 style-local-649-c4 position-relative\">\n              <!---->\n              <!---->\n              <div class=\"w-100 h-y-container h-column__content h-column__v-align flex-basis-100 align-self-lg-start align-self-md-start align-self-start\">\n                <!---->\n                <div data-colibri-id=\"649-c5\" class=\"d-block style-538 style-local-649-c5 position-relative h-element\">\n                  <!---->\n                  <div class=\"h-image__frame-container-outer\">\n                    <div class=\"h-image__frame-container\">\n                      <!---->\n                      <!---->\n                      <img loading=\"lazy\" decoding=\"async\" width=\"851\" height=\"315\" src=\"https:\/\/lundppesociety.se\/wp-content\/uploads\/2025\/07\/cropped-Din-stycketext.png\" class=\"wp-image-653 style-538-image style-local-649-c5-image\" alt=\"\" srcset=\"https:\/\/lundppesociety.se\/wp-content\/uploads\/2025\/07\/cropped-Din-stycketext.png 851w, https:\/\/lundppesociety.se\/wp-content\/uploads\/2025\/07\/cropped-Din-stycketext-300x111.png 300w, https:\/\/lundppesociety.se\/wp-content\/uploads\/2025\/07\/cropped-Din-stycketext-768x284.png 768w\" sizes=\"auto, (max-width: 851px) 100vw, 851px\" \/>\n                      <div class=\"h-image__frame h-hide-lg h-hide-md h-hide-sm style-538-frameImage style-local-649-c5-frameImage\"><\/div>\n                    <\/div>\n                  <\/div>\n                <\/div>\n              <\/div>\n            <\/div>\n          <\/div>\n        <\/div>\n      <\/div>\n      <div data-colibri-id=\"649-c6\" class=\"h-row-container gutters-row-lg-2 gutters-row-md-2 gutters-row-0 gutters-row-v-lg-2 gutters-row-v-md-2 gutters-row-v-2 style-557 style-local-649-c6 position-relative\">\n        <!---->\n        <div class=\"h-row justify-content-lg-center justify-content-md-center justify-content-center align-items-lg-stretch align-items-md-stretch align-items-stretch gutters-col-lg-2 gutters-col-md-2 gutters-col-0 gutters-col-v-lg-2 gutters-col-v-md-2 gutters-col-v-2\">\n          <!---->\n          <div class=\"h-column h-column-container d-flex h-col-lg-auto h-col-md-auto h-col-auto style-558-outer style-local-649-c7-outer\">\n            <div data-colibri-id=\"649-c7\" class=\"d-flex h-flex-basis h-column__inner h-px-lg-2 h-px-md-2 h-px-2 v-inner-lg-2 v-inner-md-2 v-inner-2 style-558 style-local-649-c7 position-relative\">\n              <!---->\n              <!---->\n              <div class=\"w-100 h-y-container h-column__content h-column__v-align flex-basis-100 align-self-lg-start align-self-md-start align-self-start\">\n                <!---->\n                <div data-colibri-id=\"649-c8\" class=\"h-global-transition-all h-heading style-560 style-local-649-c8 position-relative h-element\">\n                  <!---->\n                  <div class=\"h-heading__outer style-560 style-local-649-c8\">\n                    <!---->\n                    <!---->\n                    <h1 class=\"\">V\u00e4lkommen till \u00e5rets roligaste vecka, LPPEs alldeles egna novischperiod!<\/h1>\n                  <\/div>\n                <\/div>\n              <\/div>\n            <\/div>\n          <\/div>\n        <\/div>\n      <\/div>\n      <div data-colibri-id=\"649-c9\" class=\"h-row-container gutters-row-lg-2 gutters-row-md-2 gutters-row-0 gutters-row-v-lg-2 gutters-row-v-md-2 gutters-row-v-2 style-561 style-local-649-c9 position-relative\">\n        <!---->\n        <div class=\"h-row justify-content-lg-center justify-content-md-center justify-content-center align-items-lg-stretch align-items-md-stretch align-items-stretch gutters-col-lg-2 gutters-col-md-2 gutters-col-0 gutters-col-v-lg-2 gutters-col-v-md-2 gutters-col-v-2\">\n          <!---->\n          <div class=\"h-column h-column-container d-flex h-col-lg-auto h-col-md-auto h-col-auto style-562-outer style-local-649-c10-outer\">\n            <div data-colibri-id=\"649-c10\" class=\"d-flex h-flex-basis h-column__inner h-px-lg-2 h-px-md-2 h-px-2 v-inner-lg-2 v-inner-md-2 v-inner-2 style-562 style-local-649-c10 position-relative\">\n              <!---->\n              <!---->\n              <div class=\"w-100 h-y-container h-column__content h-column__v-align flex-basis-100 align-self-lg-start align-self-md-start align-self-start\">\n                <!---->\n                <div data-colibri-id=\"649-c11\" class=\"h-text h-text-component style-564 style-local-649-c11 position-relative h-element\">\n                  <!---->\n                  <!---->\n                  <div class=\"\">\n                    <p>En vecka innan skolstart s\u00e5 ger vi i f\u00f6reningen er som ska p\u00e5b\u00f6rja er f\u00f6rsta termin p\u00e5 PPE-programmet en chans att l\u00e4ra k\u00e4nna varandra, oss i f\u00f6reningen, men framf\u00f6rallt en fullsp\u00e4ckad vecka som s\u00e4tter tonen f\u00f6r er kommande tid i lund.<\/p>\n                    <p>L\u00e4nk till anm\u00e4lan hittar du l\u00e4ngre ner p\u00e5 sidan!<\/p>\n                    <p>\n                      <br>\n                    <\/p>\n                  <\/div>\n                <\/div>\n              <\/div>\n            <\/div>\n          <\/div>\n        <\/div>\n      <\/div>\n      <div data-colibri-id=\"649-c12\" class=\"h-row-container gutters-row-lg-2 gutters-row-md-2 gutters-row-0 gutters-row-v-lg-2 gutters-row-v-md-2 gutters-row-v-2 style-565 style-local-649-c12 position-relative\">\n        <!---->\n        <div class=\"h-row justify-content-lg-center justify-content-md-center justify-content-center align-items-lg-stretch align-items-md-stretch align-items-stretch gutters-col-lg-2 gutters-col-md-2 gutters-col-0 gutters-col-v-lg-2 gutters-col-v-md-2 gutters-col-v-2\">\n          <!---->\n          <div class=\"h-column h-column-container d-flex h-col-lg-auto h-col-md-auto h-col-auto style-566-outer style-local-649-c13-outer\">\n            <div data-colibri-id=\"649-c13\" class=\"d-flex h-flex-basis h-column__inner h-px-lg-2 h-px-md-2 h-px-2 v-inner-lg-2 v-inner-md-2 v-inner-2 style-566 style-local-649-c13 position-relative\">\n              <!---->\n              <!---->\n              <div class=\"w-100 h-y-container h-column__content h-column__v-align flex-basis-100 align-self-lg-start align-self-md-start align-self-start\">\n                <!---->\n                <div data-colibri-id=\"649-c14\" class=\"h-text h-text-component style-568 style-local-649-c14 position-relative h-element\">\n                  <!---->\n                  <!---->\n                  <div class=\"\">\n                    <p>Tisdag 26\/8: Statsparken<\/p>\n                    <p>Novischperiodens f\u00f6rsta dag! Vi ses i Stadsparken f\u00f6r introduktion och grillh\u00e4ng.<\/p>\n                    <p>Onsdag 27\/8: Po\u00e4ngjakt &amp; ful-sittning<\/p>\n                    <p>Po\u00e4ngjakt p\u00e5 Lunds gator. P\u00e5 kv\u00e4llen ses vi f\u00f6r v\u00e5r f\u00f6rsta sittning p\u00e5 Sydsk\u00e5nska nationen. Vi avslutar kv\u00e4llen med eftersl\u00e4pp p\u00e5 Wermlands nation.&nbsp;<\/p>\n                    <p>Torsdag 28\/8 : Enhetsmilen&nbsp;<\/p>\n                    <p>Tredje dagen k\u00f6r vi en klassisk studentaktivitet, enhetsmil till Lomma.&nbsp;<\/p>\n                    <p>Fredag 29\/8: Finsittningen<\/p>\n                    <p>Finsittning p\u00e5 Kristianstads nation. Efter sittningen v\u00e4ntas eftersl\u00e4pp p\u00e5 G\u00f6teborgs nation.<\/p>\n                    <p>\n                      <br>\n                    <\/p>\n                  <\/div>\n                <\/div>\n              <\/div>\n            <\/div>\n          <\/div>\n        <\/div>\n      <\/div>\n      <div data-colibri-id=\"649-c15\" class=\"h-row-container gutters-row-lg-2 gutters-row-md-2 gutters-row-0 gutters-row-v-lg-2 gutters-row-v-md-2 gutters-row-v-2 style-569 style-local-649-c15 position-relative\">\n        <!---->\n        <div class=\"h-row justify-content-lg-center justify-content-md-center justify-content-center align-items-lg-stretch align-items-md-stretch align-items-stretch gutters-col-lg-2 gutters-col-md-2 gutters-col-0 gutters-col-v-lg-2 gutters-col-v-md-2 gutters-col-v-2\">\n          <!---->\n          <div class=\"h-column h-column-container d-flex h-col-lg-auto h-col-md-auto h-col-auto style-570-outer style-local-649-c16-outer\">\n            <div data-colibri-id=\"649-c16\" class=\"d-flex h-flex-basis h-column__inner h-px-lg-2 h-px-md-2 h-px-2 v-inner-lg-2 v-inner-md-2 v-inner-2 style-570 style-local-649-c16 position-relative\">\n              <!---->\n              <!---->\n              <div class=\"w-100 h-y-container h-column__content h-column__v-align flex-basis-100 align-self-lg-start align-self-md-start align-self-start\">\n                <!---->\n                <div data-colibri-id=\"649-c17\" class=\"h-x-container style-572 style-local-649-c17 position-relative h-element\">\n                  <!---->\n                  <div class=\"h-x-container-inner style-dynamic-649-c17-group style-572-spacing style-local-649-c17-spacing\"><span class=\"h-button__outer style-573-outer style-local-649-c18-outer d-inline-flex h-element\"><a h-use-smooth-scroll=\"true\" href=\"https:\/\/lundppesociety.se\/wp-content\/uploads\/2025\/07\/NOVISCHGUIDE-3.pdf\"  data-colibri-id=\"649-c18\" class=\"d-flex w-100 align-items-center h-button justify-content-lg-center justify-content-md-center justify-content-center style-573 style-local-649-c18 position-relative\"><!----><!----> <span>NOVISCHGUIDEN<\/span><\/a>\n                    <\/span>\n                  <\/div>\n                <\/div>\n                <div data-colibri-id=\"649-c19\" class=\"h-x-container style-581 style-local-649-c19 position-relative h-element\">\n                  <!---->\n                  <div class=\"h-x-container-inner style-dynamic-649-c19-group style-581-spacing style-local-649-c19-spacing\"><span class=\"h-button__outer style-582-outer style-local-649-c20-outer d-inline-flex h-element\"><a h-use-smooth-scroll=\"true\" href=\"https:\/\/docs.google.com\/forms\/d\/e\/1FAIpQLSdbIxTQALIMLPPrldta4tDAoJ62EE-K9yUA0L5TtNJ4mU5u8Q\/viewform?usp=header\"  data-colibri-id=\"649-c20\" class=\"d-flex w-100 align-items-center h-button justify-content-lg-center justify-content-md-center justify-content-center style-582 style-local-649-c20 position-relative\"><!----><!----> <span>ANM\u00c4LAN TILL NOVISCHPERIODEN HT25<\/span><\/a>\n                    <\/span>\n                  <\/div>\n                <\/div>\n              <\/div>\n            <\/div>\n          <\/div>\n        <\/div>\n      <\/div>\n    <\/div>\n  <\/div>\n  <div data-colibri-component=\"section\" data-colibri-id=\"649-c21\" id=\"custom-2\" class=\"h-section h-section-global-spacing d-flex align-items-lg-center align-items-md-center align-items-center style-574 style-local-649-c21 position-relative\">\n    <!---->\n    <!---->\n    <div class=\"h-section-grid-container h-section-boxed-container\">\n      <!---->\n      <div data-colibri-id=\"649-c22\" class=\"h-row-container gutters-row-lg-2 gutters-row-md-2 gutters-row-0 gutters-row-v-lg-2 gutters-row-v-md-2 gutters-row-v-2 style-575 style-local-649-c22 position-relative\">\n        <!---->\n        <div class=\"h-row justify-content-lg-center justify-content-md-center justify-content-center align-items-lg-stretch align-items-md-stretch align-items-stretch gutters-col-lg-2 gutters-col-md-2 gutters-col-0 gutters-col-v-lg-2 gutters-col-v-md-2 gutters-col-v-2\">\n          <!---->\n          <div class=\"h-column h-column-container d-flex h-col-lg-auto h-col-md-auto h-col-auto style-576-outer style-local-649-c23-outer\">\n            <div data-colibri-id=\"649-c23\" class=\"d-flex h-flex-basis h-column__inner h-px-lg-2 h-px-md-2 h-px-2 v-inner-lg-2 v-inner-md-2 v-inner-2 style-576 style-local-649-c23 position-relative\">\n              <!---->\n              <!---->\n              <div class=\"w-100 h-y-container h-column__content h-column__v-align flex-basis-100 align-self-lg-start align-self-md-start align-self-start\">\n                <!---->\n                <div data-colibri-id=\"649-c24\" class=\"d-block style-577 style-local-649-c24 position-relative h-element\">\n                  <!---->\n                  <div class=\"h-image__frame-container-outer\">\n                    <a href=\"https:\/\/ungmedia.se\/\" h-use-smooth-scroll=\"true\" class=\"image-link\">\n                      <div class=\"h-image__frame-container\">\n                        <!---->\n                        <!---->\n                        <img loading=\"lazy\" decoding=\"async\" width=\"300\" height=\"311\" src=\"https:\/\/lundppesociety.se\/wp-content\/uploads\/2025\/07\/ung_media_sverige_logotyp.png\" class=\"wp-image-679 style-577-image style-local-649-c24-image\" alt=\"\" srcset=\"https:\/\/lundppesociety.se\/wp-content\/uploads\/2025\/07\/ung_media_sverige_logotyp.png 300w, https:\/\/lundppesociety.se\/wp-content\/uploads\/2025\/07\/ung_media_sverige_logotyp-289x300.png 289w\" sizes=\"auto, (max-width: 300px) 100vw, 300px\" \/>\n                        <div class=\"h-image__frame h-hide-lg h-hide-md h-hide-sm style-577-frameImage style-local-649-c24-frameImage\"><\/div>\n                      <\/div>\n                    <\/a>\n                  <\/div>\n                <\/div>\n              <\/div>\n            <\/div>\n          <\/div>\n          <div class=\"h-column h-column-container d-flex h-col-lg-auto h-col-md-auto h-col-auto style-578-outer style-local-649-c25-outer\">\n            <div data-colibri-id=\"649-c25\" class=\"d-flex h-flex-basis h-column__inner h-px-lg-2 h-px-md-2 h-px-2 v-inner-lg-2 v-inner-md-2 v-inner-2 style-578 style-local-649-c25 position-relative\">\n              <!---->\n              <!---->\n              <div class=\"w-100 h-y-container h-column__content h-column__v-align flex-basis-100 align-self-lg-start align-self-md-start align-self-start\">\n                <!---->\n                <div data-colibri-id=\"649-c26\" class=\"d-block style-579 style-local-649-c26 position-relative h-element\">\n                  <!---->\n                  <div class=\"h-image__frame-container-outer\">\n                    <a href=\"https:\/\/www.studentlund.se\/\" h-use-smooth-scroll=\"true\" class=\"image-link\">\n                      <div class=\"h-image__frame-container\">\n                        <!---->\n                        <!---->\n                        <img loading=\"lazy\" decoding=\"async\" width=\"214\" height=\"144\" src=\"https:\/\/lundppesociety.se\/wp-content\/uploads\/2025\/07\/studentlund-logo.png\" class=\"wp-image-680 style-579-image style-local-649-c26-image\" alt=\"\" \/>\n                        <div class=\"h-image__frame h-hide-lg h-hide-md h-hide-sm style-579-frameImage style-local-649-c26-frameImage\"><\/div>\n                      <\/div>\n                    <\/a>\n                  <\/div>\n                <\/div>\n              <\/div>\n            <\/div>\n          <\/div>\n        <\/div>\n      <\/div>\n    <\/div>\n  <\/div>\n<\/div>","protected":false},"excerpt":{"rendered":"<p>V\u00e4lkommen till \u00e5rets roligaste vecka, LPPEs alldeles egna novischperiod! En vecka innan skolstart s\u00e5 ger vi i f\u00f6reningen er som ska p\u00e5b\u00f6rja er f\u00f6rsta termin p\u00e5 PPE-programmet en chans att l\u00e4ra k\u00e4nna varandra, oss i f\u00f6reningen, men framf\u00f6rallt en fullsp\u00e4ckad vecka som s\u00e4tter tonen f\u00f6r er kommande tid i lund. L\u00e4nk till anm\u00e4lan hittar du [&hellip;]<\/p>\n","protected":false},"author":1,"featured_media":0,"parent":0,"menu_order":0,"comment_status":"closed","ping_status":"closed","template":"page-templates\/full-width-page.php","meta":{"footnotes":""},"class_list":["post-649","page","type-page","status-publish","hentry"],"_links":{"self":[{"href":"https:\/\/lundppesociety.se\/index.php\/wp-json\/wp\/v2\/pages\/649","targetHints":{"allow":["GET"]}}],"collection":[{"href":"https:\/\/lundppesociety.se\/index.php\/wp-json\/wp\/v2\/pages"}],"about":[{"href":"https:\/\/lundppesociety.se\/index.php\/wp-json\/wp\/v2\/types\/page"}],"author":[{"embeddable":true,"href":"https:\/\/lundppesociety.se\/index.php\/wp-json\/wp\/v2\/users\/1"}],"replies":[{"embeddable":true,"href":"https:\/\/lundppesociety.se\/index.php\/wp-json\/wp\/v2\/comments?post=649"}],"version-history":[{"count":10,"href":"https:\/\/lundppesociety.se\/index.php\/wp-json\/wp\/v2\/pages\/649\/revisions"}],"predecessor-version":[{"id":729,"href":"https:\/\/lundppesociety.se\/index.php\/wp-json\/wp\/v2\/pages\/649\/revisions\/729"}],"wp:attachment":[{"href":"https:\/\/lundppesociety.se\/index.php\/wp-json\/wp\/v2\/media?parent=649"}],"curies":[{"name":"wp","href":"https:\/\/api.w.org\/{rel}","templated":true}]}}