{"id":360,"date":"2024-07-09T19:53:32","date_gmt":"2024-07-09T19:53:32","guid":{"rendered":"https:\/\/lundppesociety.se\/index.php\/jamlikhet\/"},"modified":"2025-08-18T08:53:26","modified_gmt":"2025-08-18T08:53:26","slug":"jamlikhet","status":"publish","type":"page","link":"https:\/\/lundppesociety.se\/index.php\/jamlikhet\/","title":{"rendered":"J\u00e4mlikhet"},"content":{"rendered":"<div data-colibri-id=\"360-c1\" class=\"style-268 style-local-360-c1 position-relative\">\n  <!---->\n  <div data-colibri-component=\"section\" data-colibri-id=\"360-c2\" id=\"custom-2\" class=\"h-section h-section-global-spacing d-flex align-items-lg-center align-items-md-center align-items-center style-279 style-local-360-c2 position-relative\">\n    <!---->\n    <!---->\n    <div class=\"h-section-grid-container h-section-boxed-container\">\n      <!---->\n      <div data-colibri-id=\"360-c3\" class=\"h-row-container gutters-row-lg-2 gutters-row-md-2 gutters-row-0 gutters-row-v-lg-2 gutters-row-v-md-2 gutters-row-v-2 style-280 style-local-360-c3 position-relative\">\n        <!---->\n        <div class=\"h-row justify-content-lg-center justify-content-md-center justify-content-center align-items-lg-stretch align-items-md-stretch align-items-stretch gutters-col-lg-2 gutters-col-md-2 gutters-col-0 gutters-col-v-lg-2 gutters-col-v-md-2 gutters-col-v-2\">\n          <!---->\n          <div class=\"h-column h-column-container d-flex h-col-lg-auto h-col-md-auto h-col-auto style-281-outer style-local-360-c4-outer\">\n            <div data-colibri-id=\"360-c4\" class=\"d-flex h-flex-basis h-column__inner h-px-lg-2 h-px-md-2 h-px-2 v-inner-lg-2 v-inner-md-2 v-inner-2 style-281 style-local-360-c4 position-relative\">\n              <!---->\n              <!---->\n              <div class=\"w-100 h-y-container h-column__content h-column__v-align flex-basis-100 align-self-lg-start align-self-md-start align-self-start\">\n                <!---->\n                <div data-colibri-id=\"360-c5\" class=\"h-global-transition-all h-heading style-282 style-local-360-c5 position-relative h-element\">\n                  <!---->\n                  <div class=\"h-heading__outer style-282 style-local-360-c5\">\n                    <!---->\n                    <!---->\n                    <h3 class=\"\">LPPES J\u00c4MLIKHETSARBETE<\/h3>\n                  <\/div>\n                <\/div>\n              <\/div>\n            <\/div>\n          <\/div>\n        <\/div>\n      <\/div>\n    <\/div>\n  <\/div>\n  <div data-colibri-component=\"section\" data-colibri-id=\"360-c6\" id=\"custom\" class=\"h-section h-section-global-spacing d-flex align-items-lg-center align-items-md-center align-items-center style-283 style-local-360-c6 position-relative\">\n    <!---->\n    <!---->\n    <div class=\"h-section-grid-container h-section-boxed-container\">\n      <!---->\n      <div data-colibri-id=\"360-c7\" class=\"h-row-container gutters-row-lg-2 gutters-row-md-2 gutters-row-0 gutters-row-v-lg-2 gutters-row-v-md-2 gutters-row-v-2 style-284 style-local-360-c7 position-relative\">\n        <!---->\n        <div class=\"h-row justify-content-lg-center justify-content-md-center justify-content-center align-items-lg-stretch align-items-md-stretch align-items-stretch gutters-col-lg-2 gutters-col-md-2 gutters-col-0 gutters-col-v-lg-2 gutters-col-v-md-2 gutters-col-v-2\">\n          <!---->\n          <div class=\"h-column h-column-container d-flex h-col-lg-auto h-col-md-auto h-col-auto style-285-outer style-local-360-c8-outer\">\n            <div data-colibri-id=\"360-c8\" class=\"d-flex h-flex-basis h-column__inner h-px-lg-2 h-px-md-2 h-px-2 v-inner-lg-2 v-inner-md-2 v-inner-2 style-285 style-local-360-c8 position-relative\">\n              <!---->\n              <!---->\n              <div class=\"w-100 h-y-container h-column__content h-column__v-align flex-basis-100 align-self-lg-start align-self-md-start align-self-start\">\n                <!---->\n                <div data-colibri-id=\"360-c9\" class=\"h-text h-text-component style-296 style-local-360-c9 position-relative h-element\">\n                  <!---->\n                  <!---->\n                  <div class=\"\">\n                    <p>\n                      <br>\n                    <\/p>\n                    <p>\n                      <br>\n                    <\/p>\n                    <p>LPPES arbetar aktivt med j\u00e4mlikhetsaspekter i f\u00f6reningen. H\u00e4r nedan kan du l\u00e4sa f\u00f6reningens j\u00e4mlikhetspolicy.&nbsp;<\/p>\n                    <p>\n                      <br>\n                    <\/p>\n                    <p>\n                      <br>\n                    <\/p>\n                  <\/div>\n                <\/div>\n                <div data-colibri-id=\"360-c10\" class=\"h-x-container style-287 style-local-360-c10 position-relative h-element\">\n                  <!---->\n                  <div class=\"h-x-container-inner style-dynamic-360-c10-group style-287-spacing style-local-360-c10-spacing\"><span class=\"h-button__outer style-288-outer style-local-360-c11-outer d-inline-flex h-element\"><a h-use-smooth-scroll=\"true\" href=\"https:\/\/drive.google.com\/file\/d\/1bhKa8a2TsAt3wkYxN4NvXJSuvHZzkc0Q\/view?usp=sharing\"  data-colibri-id=\"360-c11\" class=\"d-flex w-100 align-items-center h-button justify-content-lg-center justify-content-md-center justify-content-center style-288 style-local-360-c11 position-relative\"><!----><!----> <span>J\u00e4mlikhetspolicyn <\/span><\/a>\n                    <\/span>\n                  <\/div>\n                <\/div>\n              <\/div>\n            <\/div>\n          <\/div>\n          <div class=\"h-column h-column-container d-flex h-col-lg-auto h-col-md-auto h-col-auto style-286-outer style-local-360-c12-outer\">\n            <div data-colibri-id=\"360-c12\" class=\"d-flex h-flex-basis h-column__inner h-px-lg-2 h-px-md-2 h-px-2 v-inner-lg-2 v-inner-md-2 v-inner-2 style-286 style-local-360-c12 position-relative\">\n              <!---->\n              <!---->\n              <div class=\"w-100 h-y-container h-column__content h-column__v-align flex-basis-100 align-self-lg-start align-self-md-start align-self-start\">\n                <!---->\n                <div data-colibri-id=\"360-c13\" class=\"d-block style-301 style-local-360-c13 position-relative h-element\">\n                  <!---->\n                  <div class=\"h-image__frame-container-outer\">\n                    <div class=\"h-image__frame-container\">\n                      <!---->\n                      <!---->\n                      <img loading=\"lazy\" decoding=\"async\" width=\"1500\" height=\"1500\" src=\"https:\/\/lundppesociety.se\/wp-content\/uploads\/2024\/07\/cropped-LPPES-PROFIL1-2024-4.png\" class=\"wp-image-364 style-301-image style-local-360-c13-image\" alt=\"\" srcset=\"https:\/\/lundppesociety.se\/wp-content\/uploads\/2024\/07\/cropped-LPPES-PROFIL1-2024-4.png 1500w, https:\/\/lundppesociety.se\/wp-content\/uploads\/2024\/07\/cropped-LPPES-PROFIL1-2024-4-300x300.png 300w, https:\/\/lundppesociety.se\/wp-content\/uploads\/2024\/07\/cropped-LPPES-PROFIL1-2024-4-1024x1024.png 1024w, https:\/\/lundppesociety.se\/wp-content\/uploads\/2024\/07\/cropped-LPPES-PROFIL1-2024-4-150x150.png 150w, https:\/\/lundppesociety.se\/wp-content\/uploads\/2024\/07\/cropped-LPPES-PROFIL1-2024-4-768x768.png 768w\" sizes=\"auto, (max-width: 1500px) 100vw, 1500px\" \/>\n                      <div class=\"h-image__frame h-hide-lg h-hide-md h-hide-sm style-301-frameImage style-local-360-c13-frameImage\"><\/div>\n                    <\/div>\n                  <\/div>\n                <\/div>\n              <\/div>\n            <\/div>\n          <\/div>\n        <\/div>\n      <\/div>\n    <\/div>\n  <\/div>\n  <div data-colibri-component=\"section\" data-colibri-id=\"360-c18\" id=\"custom-3\" class=\"h-section h-section-global-spacing d-flex align-items-lg-center align-items-md-center align-items-center style-297 style-local-360-c18 position-relative\">\n    <!---->\n    <!---->\n    <div class=\"h-section-grid-container h-section-boxed-container\">\n      <!---->\n      <div data-colibri-id=\"360-c19\" class=\"h-row-container gutters-row-lg-2 gutters-row-md-2 gutters-row-0 gutters-row-v-lg-2 gutters-row-v-md-2 gutters-row-v-2 style-298 style-local-360-c19 position-relative\">\n        <!---->\n        <div class=\"h-row justify-content-lg-center justify-content-md-center justify-content-center align-items-lg-stretch align-items-md-stretch align-items-stretch gutters-col-lg-2 gutters-col-md-2 gutters-col-0 gutters-col-v-lg-2 gutters-col-v-md-2 gutters-col-v-2\">\n          <!---->\n          <div class=\"h-column h-column-container d-flex h-col-lg-auto h-col-md-auto h-col-auto style-299-outer style-local-360-c20-outer\">\n            <div data-colibri-id=\"360-c20\" class=\"d-flex h-flex-basis h-column__inner h-px-lg-2 h-px-md-2 h-px-2 v-inner-lg-2 v-inner-md-2 v-inner-2 style-299 style-local-360-c20 position-relative\">\n              <!---->\n              <!---->\n              <div class=\"w-100 h-y-container h-column__content h-column__v-align flex-basis-100 align-self-lg-start align-self-md-start align-self-start\">\n                <!---->\n                <div data-colibri-id=\"360-c21\" class=\"h-text h-text-component style-302 style-local-360-c21 position-relative h-element\">\n                  <!---->\n                  <!---->\n                  <div class=\"\">\n                    <p>J\u00e4mlikhetsansvarig: Sigrid Bysell&nbsp;<\/p>\n                    <p>Kontakt: jamlikhetsansvarig@lundppesociety.se<\/p>\n                  <\/div>\n                <\/div>\n                <div data-colibri-id=\"360-c22\" class=\"d-block style-459 style-local-360-c22 position-relative h-element\">\n                  <!---->\n                  <div class=\"h-image__frame-container-outer\">\n                    <div class=\"h-image__frame-container\">\n                      <!---->\n                      <!---->\n                      <img loading=\"lazy\" decoding=\"async\" width=\"1381\" height=\"1168\" src=\"https:\/\/lundppesociety.se\/wp-content\/uploads\/2025\/06\/cropped-IMG_1864-1.jpg\" class=\"wp-image-528 style-459-image style-local-360-c22-image\" alt=\"\" srcset=\"https:\/\/lundppesociety.se\/wp-content\/uploads\/2025\/06\/cropped-IMG_1864-1.jpg 1381w, https:\/\/lundppesociety.se\/wp-content\/uploads\/2025\/06\/cropped-IMG_1864-1-300x254.jpg 300w, https:\/\/lundppesociety.se\/wp-content\/uploads\/2025\/06\/cropped-IMG_1864-1-1024x866.jpg 1024w, https:\/\/lundppesociety.se\/wp-content\/uploads\/2025\/06\/cropped-IMG_1864-1-768x650.jpg 768w\" sizes=\"auto, (max-width: 1381px) 100vw, 1381px\" \/>\n                      <div class=\"h-image__frame h-hide-lg h-hide-md h-hide-sm style-459-frameImage style-local-360-c22-frameImage\"><\/div>\n                    <\/div>\n                  <\/div>\n                <\/div>\n              <\/div>\n            <\/div>\n          <\/div>\n          <div class=\"h-column h-column-container d-flex h-col-lg-auto h-col-md-auto h-col-auto style-300-outer style-local-360-c23-outer\">\n            <div data-colibri-id=\"360-c23\" class=\"d-flex h-flex-basis h-column__inner h-px-lg-2 h-px-md-2 h-px-2 v-inner-lg-2 v-inner-md-2 v-inner-2 style-300 style-local-360-c23 position-relative\">\n              <!---->\n              <!---->\n              <div class=\"w-100 h-y-container h-column__content h-column__v-align flex-basis-100 align-self-lg-start align-self-md-start align-self-start\">\n                <!---->\n                <div data-colibri-id=\"360-c24\" class=\"h-text h-text-component style-289 style-local-360-c24 position-relative h-element\">\n                  <!---->\n                  <!---->\n                  <div class=\"\">\n                    <p>F\u00f6reningen har en invald j\u00e4mlikhetsansvarig som arbetar med att utveckla j\u00e4mlikhets- och likabehandlingsarbetet inom LPPES.<\/p>\n                    <p>J\u00e4mlikhetsansvarig har \u00e4ven som arbete att se till att utreda anm\u00e4lningar om \u00f6vertr\u00e4delser av f\u00f6reningens policy.<\/p>\n                    <p>\n                      <br>\n                    <\/p>\n                    <p>\n                      <br>\n                    <\/p>\n                  <\/div>\n                <\/div>\n                <div data-colibri-id=\"360-c25\" class=\"h-x-container style-290 style-local-360-c25 position-relative h-element\">\n                  <!---->\n                  <div class=\"h-x-container-inner style-dynamic-360-c25-group style-290-spacing style-local-360-c25-spacing\"><span class=\"h-button__outer style-291-outer style-local-360-c26-outer d-inline-flex h-element\"><a h-use-smooth-scroll=\"true\" href=\"https:\/\/docs.google.com\/forms\/d\/e\/1FAIpQLSe0SAVHNLiL7LJEI7kI30sNT0GQKFPqFFwYepgqD-_Qiln0JQ\/viewform?usp=header\"  data-colibri-id=\"360-c26\" class=\"d-flex w-100 align-items-center h-button justify-content-lg-center justify-content-md-center justify-content-center style-291 style-local-360-c26 position-relative\"><!----><!----> <span>Anonymt anm\u00e4lningsformul\u00e4r <\/span><\/a>\n                    <\/span>\n                  <\/div>\n                <\/div>\n              <\/div>\n            <\/div>\n          <\/div>\n        <\/div>\n      <\/div>\n    <\/div>\n  <\/div>\n  <div data-colibri-component=\"section\" data-colibri-id=\"360-c27\" id=\"reusable-sections\" class=\"h-section h-section-global-spacing d-flex align-items-lg-center align-items-md-center align-items-center style-502 style-local-360-c27 position-relative\">\n    <!---->\n    <!---->\n    <div class=\"h-section-grid-container h-section-boxed-container\">\n      <!---->\n      <div data-colibri-id=\"360-c28\" class=\"h-row-container gutters-row-lg-0 gutters-row-md-0 gutters-row-0 gutters-row-v-lg-0 gutters-row-v-md-0 gutters-row-v-0 style-503 style-local-360-c28 position-relative\">\n        <!---->\n        <div class=\"h-row justify-content-lg-center justify-content-md-center justify-content-center align-items-lg-stretch align-items-md-stretch align-items-stretch gutters-col-lg-0 gutters-col-md-0 gutters-col-0 gutters-col-v-lg-0 gutters-col-v-md-0 gutters-col-v-0\">\n          <!---->\n          <div class=\"h-column h-column-container d-flex h-col-lg-auto h-col-md-auto h-col-auto style-504-outer style-local-360-c29-outer\">\n            <div data-colibri-id=\"360-c29\" class=\"d-flex h-flex-basis h-column__inner h-px-lg-0 h-px-md-0 h-px-0 v-inner-lg-0 v-inner-md-0 v-inner-0 style-504 style-local-360-c29 position-relative\">\n              <!---->\n              <!---->\n              <div class=\"w-100 h-y-container h-column__content h-column__v-align flex-basis-100 align-self-lg-start align-self-md-start align-self-start\">\n                <!---->\n                <div data-colibri-id=\"360-c30\" class=\"d-block style-505 style-local-360-c30 position-relative h-element\">\n                  <!---->\n                  <div class=\"h-image__frame-container-outer\">\n                    <a href=\"https:\/\/ungmedia.se\/\" target=\"_blank\" h-use-smooth-scroll=\"true\" class=\"image-link\">\n                      <div class=\"h-image__frame-container\">\n                        <!---->\n                        <!---->\n                        <img loading=\"lazy\" decoding=\"async\" width=\"300\" height=\"311\" src=\"https:\/\/lundppesociety.se\/wp-content\/uploads\/2024\/12\/ung_media_sverige_logotyp.png\" class=\"wp-image-459 style-505-image style-local-360-c30-image\" alt=\"\" srcset=\"https:\/\/lundppesociety.se\/wp-content\/uploads\/2024\/12\/ung_media_sverige_logotyp.png 300w, https:\/\/lundppesociety.se\/wp-content\/uploads\/2024\/12\/ung_media_sverige_logotyp-289x300.png 289w\" sizes=\"auto, (max-width: 300px) 100vw, 300px\" \/>\n                        <div class=\"h-image__frame h-hide-lg h-hide-md h-hide-sm style-505-frameImage style-local-360-c30-frameImage\"><\/div>\n                      <\/div>\n                    <\/a>\n                  <\/div>\n                <\/div>\n              <\/div>\n            <\/div>\n          <\/div>\n          <div class=\"h-column h-column-container d-flex h-col-lg-auto h-col-md-auto h-col-auto style-506-outer style-local-360-c31-outer\">\n            <div data-colibri-id=\"360-c31\" class=\"d-flex h-flex-basis h-column__inner h-px-lg-0 h-px-md-0 h-px-0 v-inner-lg-0 v-inner-md-0 v-inner-0 style-506 style-local-360-c31 position-relative\">\n              <!---->\n              <!---->\n              <div class=\"w-100 h-y-container h-column__content h-column__v-align flex-basis-100 align-self-lg-start align-self-md-start align-self-start\">\n                <!---->\n                <div data-colibri-id=\"360-c32\" class=\"d-block style-507 style-local-360-c32 position-relative h-element\">\n                  <!---->\n                  <div class=\"h-image__frame-container-outer\">\n                    <a href=\"https:\/\/www.studentlund.se\/\" target=\"_blank\" h-use-smooth-scroll=\"true\" class=\"image-link\">\n                      <div class=\"h-image__frame-container\">\n                        <!---->\n                        <!---->\n                        <img loading=\"lazy\" decoding=\"async\" width=\"214\" height=\"144\" src=\"https:\/\/lundppesociety.se\/wp-content\/uploads\/2024\/12\/image-asset.png\" class=\"wp-image-467 style-507-image style-local-360-c32-image\" alt=\"\" \/>\n                        <div class=\"h-image__frame h-hide-lg h-hide-md h-hide-sm style-507-frameImage style-local-360-c32-frameImage\"><\/div>\n                      <\/div>\n                    <\/a>\n                  <\/div>\n                <\/div>\n              <\/div>\n            <\/div>\n          <\/div>\n        <\/div>\n      <\/div>\n    <\/div>\n  <\/div>\n<\/div>","protected":false},"excerpt":{"rendered":"<p>LPPES J\u00c4MLIKHETSARBETE LPPES arbetar aktivt med j\u00e4mlikhetsaspekter i f\u00f6reningen. H\u00e4r nedan kan du l\u00e4sa f\u00f6reningens j\u00e4mlikhetspolicy.&nbsp; J\u00e4mlikhetspolicyn J\u00e4mlikhetsansvarig: Sigrid Bysell&nbsp; Kontakt: jamlikhetsansvarig@lundppesociety.se F\u00f6reningen har en invald j\u00e4mlikhetsansvarig som arbetar med att utveckla j\u00e4mlikhets- och likabehandlingsarbetet inom LPPES. J\u00e4mlikhetsansvarig har \u00e4ven som arbete att se till att utreda anm\u00e4lningar om \u00f6vertr\u00e4delser av f\u00f6reningens policy. Anonymt anm\u00e4lningsformul\u00e4r<\/p>\n","protected":false},"author":1,"featured_media":0,"parent":0,"menu_order":0,"comment_status":"closed","ping_status":"closed","template":"page-templates\/full-width-page.php","meta":{"footnotes":""},"class_list":["post-360","page","type-page","status-publish","hentry"],"_links":{"self":[{"href":"https:\/\/lundppesociety.se\/index.php\/wp-json\/wp\/v2\/pages\/360","targetHints":{"allow":["GET"]}}],"collection":[{"href":"https:\/\/lundppesociety.se\/index.php\/wp-json\/wp\/v2\/pages"}],"about":[{"href":"https:\/\/lundppesociety.se\/index.php\/wp-json\/wp\/v2\/types\/page"}],"author":[{"embeddable":true,"href":"https:\/\/lundppesociety.se\/index.php\/wp-json\/wp\/v2\/users\/1"}],"replies":[{"embeddable":true,"href":"https:\/\/lundppesociety.se\/index.php\/wp-json\/wp\/v2\/comments?post=360"}],"version-history":[{"count":7,"href":"https:\/\/lundppesociety.se\/index.php\/wp-json\/wp\/v2\/pages\/360\/revisions"}],"predecessor-version":[{"id":752,"href":"https:\/\/lundppesociety.se\/index.php\/wp-json\/wp\/v2\/pages\/360\/revisions\/752"}],"wp:attachment":[{"href":"https:\/\/lundppesociety.se\/index.php\/wp-json\/wp\/v2\/media?parent=360"}],"curies":[{"name":"wp","href":"https:\/\/api.w.org\/{rel}","templated":true}]}}